{"id":506,"date":"2020-02-20T11:14:23","date_gmt":"2020-02-20T16:14:23","guid":{"rendered":"http:\/\/bizix.premiumthemes.in\/?page_id=506"},"modified":"2021-02-25T15:12:27","modified_gmt":"2021-02-25T20:12:27","slug":"blog","status":"publish","type":"page","link":"https:\/\/nexosny.com\/website\/blog\/","title":{"rendered":"Blog"},"content":{"rendered":"\t\t<div data-elementor-type=\"wp-page\" data-elementor-id=\"506\" class=\"elementor elementor-506\" data-elementor-settings=\"[]\">\n\t\t\t\t\t\t\t<div class=\"elementor-section-wrap\">\n\t\t\t\t\t\t\t<section class=\"elementor-section elementor-top-section elementor-element elementor-element-65e6fdb elementor-section-boxed elementor-section-height-default elementor-section-height-default\" data-id=\"65e6fdb\" data-element_type=\"section\">\n\t\t\t\t\t\t<div class=\"elementor-container elementor-column-gap-no\">\n\t\t\t\t\t<div class=\"elementor-column elementor-col-100 elementor-top-column elementor-element elementor-element-8c45b3d\" data-id=\"8c45b3d\" data-element_type=\"column\">\n\t\t\t<div class=\"elementor-widget-wrap elementor-element-populated\">\n\t\t\t\t\t\t\t\t<div class=\"elementor-element elementor-element-500ecaf elementor-grid-3 elementor-grid-tablet-2 elementor-grid-mobile-1 elementor-widget elementor-widget-gyan_post_grid\" data-id=\"500ecaf\" data-element_type=\"widget\" data-settings=\"{&quot;columns&quot;:&quot;3&quot;,&quot;columns_tablet&quot;:&quot;2&quot;,&quot;columns_mobile&quot;:&quot;1&quot;}\" data-widget_type=\"gyan_post_grid.default\">\n\t\t\t\t<div class=\"elementor-widget-container\">\n\t\t\t        <div class=\"gyan-post-grid-container gyan-post-grid-s1 gyan-post-grid-container-500ecaf\" data-layout=\"grid\" data-rtl=\"false\">\n\n            \n            <div class=\"gyan-post-grid gyan-elementor-grid\">\n                \n<div class=\"gyan-post-grid-item gyan-grid-item-wrap cat-28\">\n    <div class=\"gyan-post-grid-item-inner gyan-grid-item\">\n\n        <div class=\"gyan-post-grid-item-holder gyan-ease-transition \">\n\n            \n                <div class=\"gyan-post-image\">\n\n                    <div class=\"gyan-post-grid-format\">\n                        <figure>\n                            <a href=\"https:\/\/nexosny.com\/website\/es\/construccion-desarrollo-y-financiacion-de-proyectos-ferreteria\/\" class=\"gyan-post-grid-image gyan-ease-transition\"><img decoding=\"async\" src=\"https:\/\/nexosny.com\/website\/wp-content\/uploads\/2019\/08\/blog-1.jpg\" alt=\"\" class=\"gyan-ease-transition\" \/><\/a>\n                        <\/figure>\n                        <div class=\"gyan-post-grid-meta gyan-ease-transition\">\n        <ul><li><span class=\"gyan-love \" data-id=\"2853\"><i class=\"fas fa-heart fas-regular\"><\/i><i class=\"fas fa-heart\"><\/i><span class=\"gyan-like-number\">0<\/span><\/span><\/li><li><span class=\"gyan-postmeta-icon\"><i class=\"fas fa-eye\"><\/i><\/span><span class=\"gyan-postmeta-text\">1<\/span><\/li><li><span class=\"gyan-postmeta-icon\"><i class=\"fas fa-comment-dots\"><\/i><\/span><span class=\"gyan-postmeta-text\"><a href=\"https:\/\/nexosny.com\/website\/es\/construccion-desarrollo-y-financiacion-de-proyectos-ferreteria\/#respond\">0<\/a><\/span><\/li><\/ul>\n    <\/div>\n    <div class=\"clear\"><\/div>                    <\/div>\n                <\/div>\n\n            \n            <div class=\"gyan-post-content-block gyan-ease-transition\">\n                <div class=\"gyan-post-title-section\">\n\n                        <div class=\"gyan-post-grid-content\">\n\n                            <div class=\"gyan-post-title\">\n                                <h2><a href=\"https:\/\/nexosny.com\/website\/es\/construccion-desarrollo-y-financiacion-de-proyectos-ferreteria\/\">Construcci\u00f3n &#8211; Desarrollo y Financiaci\u00f3n de Proyectos \u2013 Ferreter\u00eda                                <\/a><\/h2>\n                            <\/div>\n\n                            \n                            \n                                <div class=\"gyan-post-list-excerpt\">\n                                    Financiamiento de Finca Ra\u00edz Comercial y Abastecimiento en Ferreter\u00eda Todo en Ferreter\u00eda (NYC Minority                                <\/div>\n\n                            \n                            <div class=\"gyan-post-grid-c-button gyan-ease-transition\">\n                                <a href=\"https:\/\/nexosny.com\/website\/es\/construccion-desarrollo-y-financiacion-de-proyectos-ferreteria\/\"><span><\/span><\/a>\n                            <\/div>\n\n                                                            <div class=\"gyan-post-grid-date\">\n                                    <span>3 marzo, 2021<\/span>\n                                <\/div>\n                            \n                            <div class=\"clear\"><\/div>\n\n                        <\/div>\n\n                <\/div>\n                <div class=\"clear\"><\/div>\n            <\/div>\n            <div class=\"clear\"><\/div>\n        <\/div>\n\n    <\/div> <!-- gyan-post-grid-item-inner -->\n<\/div> <!-- gyan-post-grid-item -->\n\n<div class=\"clear\"><\/div>\n<div class=\"gyan-post-grid-item gyan-grid-item-wrap cat-69\">\n    <div class=\"gyan-post-grid-item-inner gyan-grid-item\">\n\n        <div class=\"gyan-post-grid-item-holder gyan-ease-transition \">\n\n            \n                <div class=\"gyan-post-image\">\n\n                    <div class=\"gyan-post-grid-format\">\n                        <figure>\n                            <a href=\"https:\/\/nexosny.com\/website\/es\/seguro-de-responsabilidad-civil-general-comercial-y-construccion\/\" class=\"gyan-post-grid-image gyan-ease-transition\"><img decoding=\"async\" src=\"https:\/\/nexosny.com\/website\/wp-content\/uploads\/2019\/08\/Blog-2.jpg\" alt=\"\" class=\"gyan-ease-transition\" \/><\/a>\n                        <\/figure>\n                        <div class=\"gyan-post-grid-meta gyan-ease-transition\">\n        <ul><li><span class=\"gyan-love \" data-id=\"2848\"><i class=\"fas fa-heart fas-regular\"><\/i><i class=\"fas fa-heart\"><\/i><span class=\"gyan-like-number\">0<\/span><\/span><\/li><li><span class=\"gyan-postmeta-icon\"><i class=\"fas fa-eye\"><\/i><\/span><span class=\"gyan-postmeta-text\">1<\/span><\/li><li><span class=\"gyan-postmeta-icon\"><i class=\"fas fa-comment-dots\"><\/i><\/span><span class=\"gyan-postmeta-text\"><a href=\"https:\/\/nexosny.com\/website\/es\/seguro-de-responsabilidad-civil-general-comercial-y-construccion\/#respond\">0<\/a><\/span><\/li><\/ul>\n    <\/div>\n    <div class=\"clear\"><\/div>                    <\/div>\n                <\/div>\n\n            \n            <div class=\"gyan-post-content-block gyan-ease-transition\">\n                <div class=\"gyan-post-title-section\">\n\n                        <div class=\"gyan-post-grid-content\">\n\n                            <div class=\"gyan-post-title\">\n                                <h2><a href=\"https:\/\/nexosny.com\/website\/es\/seguro-de-responsabilidad-civil-general-comercial-y-construccion\/\">Seguro de responsabilidad civil general comercial y construcci\u00f3n                                <\/a><\/h2>\n                            <\/div>\n\n                            \n                            \n                                <div class=\"gyan-post-list-excerpt\">\n                                    Construcci\u00f3n y Compensaci\u00f3n a los trabajadores. Escribanos: insurance_usa@nexosny.com \u00a0 \u00a0                                <\/div>\n\n                            \n                            <div class=\"gyan-post-grid-c-button gyan-ease-transition\">\n                                <a href=\"https:\/\/nexosny.com\/website\/es\/seguro-de-responsabilidad-civil-general-comercial-y-construccion\/\"><span><\/span><\/a>\n                            <\/div>\n\n                                                            <div class=\"gyan-post-grid-date\">\n                                    <span>3 marzo, 2021<\/span>\n                                <\/div>\n                            \n                            <div class=\"clear\"><\/div>\n\n                        <\/div>\n\n                <\/div>\n                <div class=\"clear\"><\/div>\n            <\/div>\n            <div class=\"clear\"><\/div>\n        <\/div>\n\n    <\/div> <!-- gyan-post-grid-item-inner -->\n<\/div> <!-- gyan-post-grid-item -->\n\n<div class=\"clear\"><\/div>\n<div class=\"gyan-post-grid-item gyan-grid-item-wrap cat-48\">\n    <div class=\"gyan-post-grid-item-inner gyan-grid-item\">\n\n        <div class=\"gyan-post-grid-item-holder gyan-ease-transition \">\n\n            \n                <div class=\"gyan-post-image\">\n\n                    <div class=\"gyan-post-grid-format\">\n                        <figure>\n                            <a href=\"https:\/\/nexosny.com\/website\/es\/seguro-de-responsabilidad-civil-general-comercial\/\" class=\"gyan-post-grid-image gyan-ease-transition\"><img decoding=\"async\" src=\"https:\/\/nexosny.com\/website\/wp-content\/uploads\/2020\/02\/6-670x520.jpg\" alt=\"\" class=\"gyan-ease-transition\" \/><\/a>\n                        <\/figure>\n                        <div class=\"gyan-post-grid-meta gyan-ease-transition\">\n        <ul><li><span class=\"gyan-love \" data-id=\"2843\"><i class=\"fas fa-heart fas-regular\"><\/i><i class=\"fas fa-heart\"><\/i><span class=\"gyan-like-number\">0<\/span><\/span><\/li><li><span class=\"gyan-postmeta-icon\"><i class=\"fas fa-eye\"><\/i><\/span><span class=\"gyan-postmeta-text\">1<\/span><\/li><li><span class=\"gyan-postmeta-icon\"><i class=\"fas fa-comment-dots\"><\/i><\/span><span class=\"gyan-postmeta-text\"><a href=\"https:\/\/nexosny.com\/website\/es\/seguro-de-responsabilidad-civil-general-comercial\/#respond\">0<\/a><\/span><\/li><\/ul>\n    <\/div>\n    <div class=\"clear\"><\/div>                    <\/div>\n                <\/div>\n\n            \n            <div class=\"gyan-post-content-block gyan-ease-transition\">\n                <div class=\"gyan-post-title-section\">\n\n                        <div class=\"gyan-post-grid-content\">\n\n                            <div class=\"gyan-post-title\">\n                                <h2><a href=\"https:\/\/nexosny.com\/website\/es\/seguro-de-responsabilidad-civil-general-comercial\/\">Seguro de responsabilidad civil general comercial                                <\/a><\/h2>\n                            <\/div>\n\n                            \n                            \n                                <div class=\"gyan-post-list-excerpt\">\n                                    Descripci\u00f3n El seguro de responsabilidad comercial general es un tipo amplio de p\u00f3liza de seguro que                                <\/div>\n\n                            \n                            <div class=\"gyan-post-grid-c-button gyan-ease-transition\">\n                                <a href=\"https:\/\/nexosny.com\/website\/es\/seguro-de-responsabilidad-civil-general-comercial\/\"><span><\/span><\/a>\n                            <\/div>\n\n                                                            <div class=\"gyan-post-grid-date\">\n                                    <span>3 marzo, 2021<\/span>\n                                <\/div>\n                            \n                            <div class=\"clear\"><\/div>\n\n                        <\/div>\n\n                <\/div>\n                <div class=\"clear\"><\/div>\n            <\/div>\n            <div class=\"clear\"><\/div>\n        <\/div>\n\n    <\/div> <!-- gyan-post-grid-item-inner -->\n<\/div> <!-- gyan-post-grid-item -->\n\n<div class=\"clear\"><\/div>\n<div class=\"gyan-post-grid-item gyan-grid-item-wrap cat-1\">\n    <div class=\"gyan-post-grid-item-inner gyan-grid-item\">\n\n        <div class=\"gyan-post-grid-item-holder gyan-ease-transition \">\n\n            \n                <div class=\"gyan-post-image\">\n\n                    <div class=\"gyan-post-grid-format\">\n                        <figure>\n                            <a href=\"https:\/\/nexosny.com\/website\/commercial-general-liability-insurance\/\" class=\"gyan-post-grid-image gyan-ease-transition\"><img decoding=\"async\" src=\"https:\/\/nexosny.com\/website\/wp-content\/uploads\/2020\/02\/6-670x520.jpg\" alt=\"\" class=\"gyan-ease-transition\" \/><\/a>\n                        <\/figure>\n                        <div class=\"gyan-post-grid-meta gyan-ease-transition\">\n        <ul><li><span class=\"gyan-love \" data-id=\"250\"><i class=\"fas fa-heart fas-regular\"><\/i><i class=\"fas fa-heart\"><\/i><span class=\"gyan-like-number\">0<\/span><\/span><\/li><li><span class=\"gyan-postmeta-icon\"><i class=\"fas fa-eye\"><\/i><\/span><span class=\"gyan-postmeta-text\">1<\/span><\/li><li><span class=\"gyan-postmeta-icon\"><i class=\"fas fa-comment-dots\"><\/i><\/span><span class=\"gyan-postmeta-text\"><a href=\"https:\/\/nexosny.com\/website\/commercial-general-liability-insurance\/#respond\">0<\/a><\/span><\/li><\/ul>\n    <\/div>\n    <div class=\"clear\"><\/div>                    <\/div>\n                <\/div>\n\n            \n            <div class=\"gyan-post-content-block gyan-ease-transition\">\n                <div class=\"gyan-post-title-section\">\n\n                        <div class=\"gyan-post-grid-content\">\n\n                            <div class=\"gyan-post-title\">\n                                <h2><a href=\"https:\/\/nexosny.com\/website\/commercial-general-liability-insurance\/\">Commercial general liability insurance                                <\/a><\/h2>\n                            <\/div>\n\n                            \n                            \n                                <div class=\"gyan-post-list-excerpt\">\n                                    Description \u00a0Commercial general liability insurance is a broad type of insurance policy which provides                                <\/div>\n\n                            \n                            <div class=\"gyan-post-grid-c-button gyan-ease-transition\">\n                                <a href=\"https:\/\/nexosny.com\/website\/commercial-general-liability-insurance\/\"><span><\/span><\/a>\n                            <\/div>\n\n                                                            <div class=\"gyan-post-grid-date\">\n                                    <span>3 marzo, 2021<\/span>\n                                <\/div>\n                            \n                            <div class=\"clear\"><\/div>\n\n                        <\/div>\n\n                <\/div>\n                <div class=\"clear\"><\/div>\n            <\/div>\n            <div class=\"clear\"><\/div>\n        <\/div>\n\n    <\/div> <!-- gyan-post-grid-item-inner -->\n<\/div> <!-- gyan-post-grid-item -->\n\n<div class=\"clear\"><\/div>\n<div class=\"gyan-post-grid-item gyan-grid-item-wrap cat-1\">\n    <div class=\"gyan-post-grid-item-inner gyan-grid-item\">\n\n        <div class=\"gyan-post-grid-item-holder gyan-ease-transition \">\n\n            \n                <div class=\"gyan-post-image\">\n\n                    <div class=\"gyan-post-grid-format\">\n                        <figure>\n                            <a href=\"https:\/\/nexosny.com\/website\/commercial-general-liability-insurance-construction\/\" class=\"gyan-post-grid-image gyan-ease-transition\"><img decoding=\"async\" src=\"https:\/\/nexosny.com\/website\/wp-content\/uploads\/2019\/08\/Blog-2.jpg\" alt=\"\" class=\"gyan-ease-transition\" \/><\/a>\n                        <\/figure>\n                        <div class=\"gyan-post-grid-meta gyan-ease-transition\">\n        <ul><li><span class=\"gyan-love \" data-id=\"249\"><i class=\"fas fa-heart fas-regular\"><\/i><i class=\"fas fa-heart\"><\/i><span class=\"gyan-like-number\">0<\/span><\/span><\/li><li><span class=\"gyan-postmeta-icon\"><i class=\"fas fa-eye\"><\/i><\/span><span class=\"gyan-postmeta-text\">1<\/span><\/li><li><span class=\"gyan-postmeta-icon\"><i class=\"fas fa-comment-dots\"><\/i><\/span><span class=\"gyan-postmeta-text\"><a href=\"https:\/\/nexosny.com\/website\/commercial-general-liability-insurance-construction\/#respond\">0<\/a><\/span><\/li><\/ul>\n    <\/div>\n    <div class=\"clear\"><\/div>                    <\/div>\n                <\/div>\n\n            \n            <div class=\"gyan-post-content-block gyan-ease-transition\">\n                <div class=\"gyan-post-title-section\">\n\n                        <div class=\"gyan-post-grid-content\">\n\n                            <div class=\"gyan-post-title\">\n                                <h2><a href=\"https:\/\/nexosny.com\/website\/commercial-general-liability-insurance-construction\/\">Commercial general liability insurance, Construction                                <\/a><\/h2>\n                            <\/div>\n\n                            \n                            \n                                <div class=\"gyan-post-list-excerpt\">\n                                    Construction &amp; Workers Compensation. Write to us: insurance_usa@nexosny.com \u00a0 \u00a0                                <\/div>\n\n                            \n                            <div class=\"gyan-post-grid-c-button gyan-ease-transition\">\n                                <a href=\"https:\/\/nexosny.com\/website\/commercial-general-liability-insurance-construction\/\"><span><\/span><\/a>\n                            <\/div>\n\n                                                            <div class=\"gyan-post-grid-date\">\n                                    <span>2 marzo, 2021<\/span>\n                                <\/div>\n                            \n                            <div class=\"clear\"><\/div>\n\n                        <\/div>\n\n                <\/div>\n                <div class=\"clear\"><\/div>\n            <\/div>\n            <div class=\"clear\"><\/div>\n        <\/div>\n\n    <\/div> <!-- gyan-post-grid-item-inner -->\n<\/div> <!-- gyan-post-grid-item -->\n\n<div class=\"clear\"><\/div>\n<div class=\"gyan-post-grid-item gyan-grid-item-wrap cat-1\">\n    <div class=\"gyan-post-grid-item-inner gyan-grid-item\">\n\n        <div class=\"gyan-post-grid-item-holder gyan-ease-transition \">\n\n            \n                <div class=\"gyan-post-image\">\n\n                    <div class=\"gyan-post-grid-format\">\n                        <figure>\n                            <a href=\"https:\/\/nexosny.com\/website\/commercial-construction-project-development-plumbing-supplies\/\" class=\"gyan-post-grid-image gyan-ease-transition\"><img decoding=\"async\" src=\"https:\/\/nexosny.com\/website\/wp-content\/uploads\/2019\/08\/blog-1.jpg\" alt=\"\" class=\"gyan-ease-transition\" \/><\/a>\n                        <\/figure>\n                        <div class=\"gyan-post-grid-meta gyan-ease-transition\">\n        <ul><li><span class=\"gyan-love \" data-id=\"247\"><i class=\"fas fa-heart fas-regular\"><\/i><i class=\"fas fa-heart\"><\/i><span class=\"gyan-like-number\">0<\/span><\/span><\/li><li><span class=\"gyan-postmeta-icon\"><i class=\"fas fa-eye\"><\/i><\/span><span class=\"gyan-postmeta-text\">1<\/span><\/li><li><span class=\"gyan-postmeta-icon\"><i class=\"fas fa-comment-dots\"><\/i><\/span><span class=\"gyan-postmeta-text\"><a href=\"https:\/\/nexosny.com\/website\/commercial-construction-project-development-plumbing-supplies\/#respond\">0<\/a><\/span><\/li><\/ul>\n    <\/div>\n    <div class=\"clear\"><\/div>                    <\/div>\n                <\/div>\n\n            \n            <div class=\"gyan-post-content-block gyan-ease-transition\">\n                <div class=\"gyan-post-title-section\">\n\n                        <div class=\"gyan-post-grid-content\">\n\n                            <div class=\"gyan-post-title\">\n                                <h2><a href=\"https:\/\/nexosny.com\/website\/commercial-construction-project-development-plumbing-supplies\/\">Commercial Construction Project development &amp; Plumbing supplies                                <\/a><\/h2>\n                            <\/div>\n\n                            \n                            \n                                <div class=\"gyan-post-list-excerpt\">\n                                    Commercial Construction Project development &amp; Plumbing supplies Commercial Construction Project                                <\/div>\n\n                            \n                            <div class=\"gyan-post-grid-c-button gyan-ease-transition\">\n                                <a href=\"https:\/\/nexosny.com\/website\/commercial-construction-project-development-plumbing-supplies\/\"><span><\/span><\/a>\n                            <\/div>\n\n                                                            <div class=\"gyan-post-grid-date\">\n                                    <span>1 marzo, 2021<\/span>\n                                <\/div>\n                            \n                            <div class=\"clear\"><\/div>\n\n                        <\/div>\n\n                <\/div>\n                <div class=\"clear\"><\/div>\n            <\/div>\n            <div class=\"clear\"><\/div>\n        <\/div>\n\n    <\/div> <!-- gyan-post-grid-item-inner -->\n<\/div> <!-- gyan-post-grid-item -->\n\n<div class=\"clear\"><\/div>            <\/div><div class=\"clear\"><\/div>\n        <\/div>\n\n                      <div class=\"gyan-pagination-holder\"><\/div>\n        \n        \t\t<\/div>\n\t\t\t\t<\/div>\n\t\t\t\t\t<\/div>\n\t\t<\/div>\n\t\t\t\t\t\t\t<\/div>\n\t\t<\/section>\n\t\t\t\t\t\t<\/div>\n\t\t\t\t\t<\/div>\n\t\t","protected":false},"excerpt":{"rendered":"<p>0 32 0 Why a visual identity system is more memorable than a logo Lorem ipsum dolor sito amet, conse ctetuer adipiscing elit sed diam nonum nibhie euisod. Facilisis at vero 23 agosto, 2019 2 2 0 Make website that surpasses amongst all the latest trends Lorem ipsum dolor sito [&hellip;]<\/p>\n","protected":false},"author":3,"featured_media":0,"parent":0,"menu_order":0,"comment_status":"closed","ping_status":"closed","template":"elementor_header_footer","meta":{"footnotes":""},"class_list":["post-506","page","type-page","status-publish","hentry"],"lang":"en","translations":{"es":2402,"en":506},"pll_sync_post":[],"_links":{"self":[{"href":"https:\/\/nexosny.com\/website\/wp-json\/wp\/v2\/pages\/506","targetHints":{"allow":["GET"]}}],"collection":[{"href":"https:\/\/nexosny.com\/website\/wp-json\/wp\/v2\/pages"}],"about":[{"href":"https:\/\/nexosny.com\/website\/wp-json\/wp\/v2\/types\/page"}],"author":[{"embeddable":true,"href":"https:\/\/nexosny.com\/website\/wp-json\/wp\/v2\/users\/3"}],"replies":[{"embeddable":true,"href":"https:\/\/nexosny.com\/website\/wp-json\/wp\/v2\/comments?post=506"}],"version-history":[{"count":4,"href":"https:\/\/nexosny.com\/website\/wp-json\/wp\/v2\/pages\/506\/revisions"}],"predecessor-version":[{"id":2664,"href":"https:\/\/nexosny.com\/website\/wp-json\/wp\/v2\/pages\/506\/revisions\/2664"}],"wp:attachment":[{"href":"https:\/\/nexosny.com\/website\/wp-json\/wp\/v2\/media?parent=506"}],"curies":[{"name":"wp","href":"https:\/\/api.w.org\/{rel}","templated":true}]}}